{"id":447,"date":"2021-11-22T15:23:58","date_gmt":"2021-11-22T14:23:58","guid":{"rendered":"http:\/\/kairos.fabiolagana.it\/?page_id=447"},"modified":"2021-12-14T11:48:28","modified_gmt":"2021-12-14T10:48:28","slug":"palestra-riabilitativa","status":"publish","type":"page","link":"https:\/\/www.osteopatiakairos.it\/index.php\/palestra-riabilitativa\/","title":{"rendered":"Palestra Riabilitativa"},"content":{"rendered":"<p>Centro Kairos mette a disposizione dei pazienti una palestra riabilitativa studiata  per la cura dei disturbi funzionali dei pazienti.<\/p>\n<p>La palestra dove si svolge gran parte del percorso riabilitativo \u00e8 costituita da ampi locali, attrezzati con macchinari Technogym all\u2019avanguardia, capaci di soddisfare qualsiasi esigenza terapeutica. Un ambiente particolarmente accogliente dove i pazienti hanno la possibilit\u00e0 di confrontarsi, socializzare  e stimolarsi reciprocamente pur eseguendo programmi personalizzati; questo elemento in molte situazioni pu\u00f2 essere determinante assieme alla professionalit\u00e0 e alla competenza del nostro team nel perseguimento degli obiettivi.<\/p>\n<p>Lo staff \u00e8 costituito da professionisti specializzati nelle diverse discipline della riabilitazione e attenti a seguire il paziente, in ogni fase della sua cura terapeutica.<br \/>\nIl loro obiettivo \u00e8 quello di ottimizzare le capacit\u00e0 funzionali di ciascun paziente attraverso il piano terapeutico personalizzato stabilito.<\/p>\n<p><strong>Trattamenti individuali<\/strong><br \/>\nSulla base dei risultati acquisiti dopo un\u2019accurata anamnesi e l\u2019esecuzione di test specifici, viene stilato un programma di esercizi fisici o di trattamento fisioterapico personalizzato, mediante sedute individuali, per raggiungere pi\u00f9 velocemente e con pi\u00f9 efficacia gli obiettivi prefissati.<\/p>\n<p><strong>Recupero pre\/post infortunio<\/strong><br \/>\nLa palestra  del CENTRO KAIROS \u00e8 il luogo adatto per il recupero pre-post infortunio di atleti professionisti e non, mediante le seguenti attivit\u00e0:<\/p>\n<ul class=\"font12\">\n<li>Attivit\u00e0 di ginnastica riabilitativa specifica,<\/li>\n<li>rieducazione motoria,<\/li>\n<li>riabilitazione posturale,<\/li>\n<li>programmi personalizzati per la preparazione fisica e atletica,<\/li>\n<li>percorsi di prevenzione a infortuni di tipo muscolare.<\/li>\n<\/ul>\n<p>Gli esercizi mirati e personalizzati di ginnastica posturale migliorano lo stato psicofisico della persona e arginano l\u2019insorgere di patologie e infortuni, sia nello svolgimento dell\u2019attivit\u00e0 quotidiana che nella pratica sportiva.<br \/>\nNel caso d\u2019infortunio, il paziente viene condotto al recupero del tono muscolare, della mobilit\u00e0 articolare, della flessibilit\u00e0, della propriocezione e della coordinazione, per evitare recidive.<\/p>\n<p><strong>Riatletizzazione<\/strong><br \/>\nLa riatletizzazione \u00e8 la fase terminale del percorso di recupero funzionale dell\u2019atleta reduce da infortunio. Essa \u00e8 fondamentale affinch\u00e9 la persona possa tornare a praticare il suo sport.<br \/>\n Durante la riatletizzazione, l\u2019atleta recupera la capacit\u00e1 aerobica e il tono muscolare, la propriocettivit\u00e0 (soprattutto nel caso di lesioni articolari), l\u2019elasticit\u00e0 e la coordinazione muscolare alle sollecitazioni intense. Cos\u00ec facendo, potr\u00e0 tornare con tranquillit\u00e0 alla sua attivit\u00e0 agonistica.<\/p>\n<p><strong>Ginnastica propriocettiva.<\/strong><br \/>\nLa ginnastica propriocettiva pu\u00f2 fare la differenza tra un\u2019articolazione o un arto che tornano a funzionare discretamente per le attivit\u00e0 di vita quotidiana e un\u2019articolazione o un arto che tornano a sopportare le sollecitazioni sportive senza alcun dolore. Grazie a tecniche ed esercizi propri della fisioterapia, il paziente viene portato a  recuperare e a migliorare la percezione che ha del suo corpo in genere, o di un arto o un\u2019articolazione in particolare: in questo modo, sensibilizza il controllo degli arti inferiori, previene eventi traumatici alle articolazioni e accelera il recupero di eventuali lesioni.<\/p>\n<p><strong>Recupero pre-post operatorio.<\/strong><br \/>\nAll\u2019interno della palestra riabilitativa \u00e8 possibile sottoporsi a sedute pre-operatorie: l\u2019obiettivo \u00e8 potenziare la muscolatura in vista di un successivo e inevitabile decadimento, cos\u00ec da velocizzare il recupero una volta eseguito l\u2019intervento chirurgico a carico dell\u2019apparato locomotore. In questo modo, si va ed evitare l\u2019atrofia muscolare dovuta all\u2019immobilit\u00e0 post-chirurgica.<br \/>\nIl trattamento post-operatorio ha invece come scopo l\u2019individuazione del percorso riabilitativo migliore per raggiungere nel minor tempo possibile i risultati programmati. Nello specifico, ripristina la mobilit\u00e0 articolare, ristabilisce il tono muscolare e consente di riutilizzare il segmento corporeo interessato.<\/p>\n<p><strong>Ginnastica posturale antalgica.<\/strong><br \/>\nAttraverso l\u2019esecuzione di movimenti lenti ed armonici per il rafforzamento della struttura muscolare, la ginnastica posturale antalgica migliora la postura. Il paziente pu\u00f2 cos\u00ec risolvere numerosi problemi di natura muscolo-scheletrica ma anche prevenire, contenere e alleviare dolori muscolari e articolari, lombalgie e problemi di origine discale.<\/p>\n<p><strong>Percorso Kids.<\/strong><br \/>\nAll\u2019interno della palestra riabilitativa, il Percorso Kids \u00e8 specificatamente studiato per prevenire problematiche comuni nei bambini (come la scoliosi) e per aiutarli nel recupero delle loro piene capacit\u00e0, grazie ad esercizi mirati e ad attivit\u00e0 di gruppo.<br \/>\nVa detto che spesso in determinate situazioni grosso beneficio deriva dall\u2019abbinamento di trattamenti osteopatici e ginnastica specifica.<br \/>\nScopo dell\u2019attivit\u00e0 fisica nei bambini \u00e8 correggere gli atteggiamenti e le patologie dell\u2019apparato osteo-articolare e locomotore, poich\u00e9 una postura errata pu\u00f2 causare uno squilibrio di tono e adattamento tra i gruppi muscolari e, dunque, disallineamento dei segmenti articolari.<\/p>\n<p><strong>Ginnastica funzionale.<\/strong><br \/>\nL\u2019allenamento funzionale \u00e8 studiato per garantire la totale mobilit\u00e0 del corpo, allenando progressivamente tutta la muscolatura. Gli esercizi si svolgono a corpo libero, con l\u2019ausilio di semplici strumenti di supporto, e simulano sforzi simili a quelli compiuti nella vita quotidiana. Inoltre, la ginnastica funzionale viene impiegata con successo in ambito riabilitativo.<\/p>","protected":false},"excerpt":{"rendered":"<p>Centro Kairos mette a disposizione dei pazienti una palestra riabilitativa studiata per la cura dei disturbi funzionali dei pazienti. La palestra dove si svolge gran parte del percorso riabilitativo \u00e8 costituita da ampi locali, attrezzati con macchinari Technogym all\u2019avanguardia, capaci di soddisfare qualsiasi esigenza terapeutica. Un ambiente particolarmente accogliente dove i pazienti hanno la possibilit\u00e0&#8230; <\/p>\n","protected":false},"author":1,"featured_media":0,"parent":0,"menu_order":0,"comment_status":"closed","ping_status":"closed","template":"full-width.php","meta":[],"_links":{"self":[{"href":"https:\/\/www.osteopatiakairos.it\/index.php\/wp-json\/wp\/v2\/pages\/447"}],"collection":[{"href":"https:\/\/www.osteopatiakairos.it\/index.php\/wp-json\/wp\/v2\/pages"}],"about":[{"href":"https:\/\/www.osteopatiakairos.it\/index.php\/wp-json\/wp\/v2\/types\/page"}],"author":[{"embeddable":true,"href":"https:\/\/www.osteopatiakairos.it\/index.php\/wp-json\/wp\/v2\/users\/1"}],"replies":[{"embeddable":true,"href":"https:\/\/www.osteopatiakairos.it\/index.php\/wp-json\/wp\/v2\/comments?post=447"}],"version-history":[{"count":6,"href":"https:\/\/www.osteopatiakairos.it\/index.php\/wp-json\/wp\/v2\/pages\/447\/revisions"}],"predecessor-version":[{"id":482,"href":"https:\/\/www.osteopatiakairos.it\/index.php\/wp-json\/wp\/v2\/pages\/447\/revisions\/482"}],"wp:attachment":[{"href":"https:\/\/www.osteopatiakairos.it\/index.php\/wp-json\/wp\/v2\/media?parent=447"}],"curies":[{"name":"wp","href":"https:\/\/api.w.org\/{rel}","templated":true}]}}