{"id":424,"date":"2021-11-22T00:00:56","date_gmt":"2021-11-21T23:00:56","guid":{"rendered":"http:\/\/kairos.fabiolagana.it\/?page_id=424"},"modified":"2021-11-22T00:26:57","modified_gmt":"2021-11-21T23:26:57","slug":"hilterapia","status":"publish","type":"page","link":"https:\/\/www.osteopatiakairos.it\/index.php\/hilterapia\/","title":{"rendered":"Hilterapia"},"content":{"rendered":"<p class=\"font12\">HILTHERAPIA\u00ae (High Intensity Laser Therapy) \u00e8 una terapia innovativa che sfrutta impulsi laser ad alta intensit\u00e0, ad emissione pulsata. Questa tipologia di stimoli \u00e8 in grado di innescare una serie di risposte biologiche capaci di ridurre gli stati infiammatori, di promuovere i processi di riparazione e di rigenerazione dei tessuti, oltre che favorire il drenaggio linfatico e la microcircolazione.<\/p>\n<p class=\"font12\">A differenza della laser-terapia convenzionale, che opera attraverso onde di bassa o media potenza, la HILTHERAPIA\u00ae \u00e8 in grado di agire, non solo sulle patologie superficiali, ma anche su quelle pi\u00f9 profonde. Questa tecnica rivoluzionaria, inoltre, pu\u00f2 essere applicata in totale sicurezza, senza danneggiare i tessuti circostanti a quello sottoposto al trattamento.<br \/>\nLa HILTHERAPIA\u00ae si dimostra, dunque, estremamente adatta per la cura di numerose patologie, quali: tendiniti, contusioni e lesioni muscolari, contratture, artrosi e nel trattamento del dolore.<\/p>\n<p class=\"font12\">Hilterapia \u00ae utilizza fasci luminosi che vengono erogati a impulsi e non in modo continuo; ci\u00f2 permette di non superare la soglia termica oltre la quale si avrebbe un danneggiamento cutaneo e tissutale.<\/p>\n<p class=\"font12\">Le principali caratteristiche della tecnologia HILTHERAPIA sono:<\/p>\n<ul class=\"font12\">\n<li>l\u2019emissione di elevate potenze di picco (100 \u00f7 3000 W) tramite impulsi brevi<\/li>\n<li>la lunghezza d\u2019onda del fascio luminoso (1064 nm) ideale per diffondersi nei tessuti<\/li>\n<li>una frequenza piuttosto bassa \u00a0(10 \u00f7 30 Hz) che consente una dissipazione del calore sviluppato dal fascio laser evitando quindi pericolosi accumuli termici.<\/li>\n<\/ul>\n<p class=\"font12\">Questa metodica \u00e8 caratterizzata da un\u2019invasivit\u00e0 nulla oltre al fatto che \u00e8 totalmente indolore.<\/p>\n<p><strong class=\"font12\">Gli effetti della Laserterapia<\/strong><\/p>\n<p class=\"font12\">Il Laser ha vari effetti sui tessuti:<\/p>\n<ul class=\"font12\">\n<li>antalgico, diminuisce la percezione del dolore andando ad agire sulle terminazioni nervose<\/li>\n<li>biostimolante, aumenta il metabolismo cellulare accelerando il processo di riparazione e cicatrizzazione dei tessuti<\/li>\n<li>antinfiammatorio, favorito dall\u2019aumento del microcircolo in conseguenza all\u2019innalzamento del calore intracellulare<\/li>\n<\/ul>\n<p class=\"font12\">Conferme sull\u2019utilit\u00e0, di questa terapia laser, nel controllo del dolore in situazioni acute, vengono dalla\u00a0Nazionale di Rugby, dalla\u00a0Federazione Italiana Scherma\u00a0e dal mondo del Calcio. Da molti anni il laser Hilt \u00e8 presente anche nella\u00a0Clinica Mobile del MotoGP.<\/p>\n<p><strong class=\"font12\">INDICAZIONI HILTHERAPIA\u00ae<\/strong><\/p>\n<p class=\"font12\">Efficacia e assenza di effetti indesiderati rendono la Hilterapia utile nel trattamento di molte affezioni dolorose:<\/p>\n<ul class=\"font12\">\n<li>artrosi e processi degenerativi della cartilagine<\/li>\n<li>borsiti, sinoviti, capsuliti, epicondiliti, sindrome da impingement<\/li>\n<li>tendiniti e tenosinoviti<\/li>\n<li>edemi ed ematomi da trauma<\/li>\n<li>patologie post-traumatiche o da sovraccarico<\/li>\n<li>sindromi adduttorie, distorsioni tibio-tarsiche, entesiti, condropatie rotule e in traumatologia sportiva<\/li>\n<\/ul>\n<p><strong class=\"font12\">Patologie acute<\/strong><\/p>\n<ul class=\"font12\">\n<li>Tendinopatie (tendiniti, peritendiniti, tenosinoviti, tendiniti inserzionali e calcifiche, tendinosi, lesioni parziali)<\/li>\n<li>Lesioni muscolari<\/li>\n<li>Traumi distorsivi ed edemi post-traumatici<\/li>\n<li>Sinoviti e borsit<\/li>\n<li>Rachialgie e lombalgie<\/li>\n<li>Osteocondrite disseccante e lesioni osteocondrali<\/li>\n<li>Sindrome fibromialgica<\/li>\n<\/ul>\n<p><strong class=\"font12\">Patologie degenerative<\/strong><\/p>\n<ul class=\"font12\">\n<li>Osteoartrosi<\/li>\n<li>Condropatie<\/li>\n<\/ul>\n<p><strong class=\"font12\">Controindicazioni<\/strong><\/p>\n<p class=\"font12\">L\u2019Hilterapia \u00ae viene sconsigliata nei bambini al di sotto dei 14 anni, nelle donne in gravidanza, nei soggetti che soffrono di fenomeni epilettici e nei portatori di pacemaker; i pazienti che fanno uso di farmaci fotosensibili dovrebbero informare il terapista perch\u00e9 le terapie laser tendono ad accentuare i fenomeni di fotosensibilit\u00e0; i portatori di protesi in metallo e\/o plastica possono sottoporsi alla terapia HILTHERAPY \u00ae se il mezzo di sintesi \u00e8 posizionato oltre i 3-4 cm di profondit\u00e0, in caso contrario \u00e8 opportuno non orientare il fascio laser in modo diretto.<\/p>\n","protected":false},"excerpt":{"rendered":"<p>HILTHERAPIA\u00ae (High Intensity Laser Therapy) \u00e8 una terapia innovativa che sfrutta impulsi laser ad alta intensit\u00e0, ad emissione pulsata. Questa tipologia di stimoli \u00e8 in grado di innescare una serie di risposte biologiche capaci di ridurre gli stati infiammatori, di promuovere i processi di riparazione e di rigenerazione dei tessuti, oltre che favorire il drenaggio&#8230; <\/p>\n","protected":false},"author":1,"featured_media":0,"parent":0,"menu_order":0,"comment_status":"closed","ping_status":"closed","template":"full-width.php","meta":[],"_links":{"self":[{"href":"https:\/\/www.osteopatiakairos.it\/index.php\/wp-json\/wp\/v2\/pages\/424"}],"collection":[{"href":"https:\/\/www.osteopatiakairos.it\/index.php\/wp-json\/wp\/v2\/pages"}],"about":[{"href":"https:\/\/www.osteopatiakairos.it\/index.php\/wp-json\/wp\/v2\/types\/page"}],"author":[{"embeddable":true,"href":"https:\/\/www.osteopatiakairos.it\/index.php\/wp-json\/wp\/v2\/users\/1"}],"replies":[{"embeddable":true,"href":"https:\/\/www.osteopatiakairos.it\/index.php\/wp-json\/wp\/v2\/comments?post=424"}],"version-history":[{"count":2,"href":"https:\/\/www.osteopatiakairos.it\/index.php\/wp-json\/wp\/v2\/pages\/424\/revisions"}],"predecessor-version":[{"id":436,"href":"https:\/\/www.osteopatiakairos.it\/index.php\/wp-json\/wp\/v2\/pages\/424\/revisions\/436"}],"wp:attachment":[{"href":"https:\/\/www.osteopatiakairos.it\/index.php\/wp-json\/wp\/v2\/media?parent=424"}],"curies":[{"name":"wp","href":"https:\/\/api.w.org\/{rel}","templated":true}]}}