{"id":401,"date":"2021-11-21T21:24:37","date_gmt":"2021-11-21T20:24:37","guid":{"rendered":"http:\/\/kairos.fabiolagana.it\/?page_id=401"},"modified":"2021-11-22T09:33:43","modified_gmt":"2021-11-22T08:33:43","slug":"lavora-con-noi","status":"publish","type":"page","link":"https:\/\/www.osteopatiakairos.it\/index.php\/lavora-con-noi\/","title":{"rendered":"Lavora con Noi"},"content":{"rendered":"<p>Siamo alla ricerca di personale specializzato per ampliare il nostro team di lavoro<\/p>\n<p>Requisiti Richiesti:<\/p>\n<ol>\n<li>un minimo di esperienza<\/li>\n<li>capacit\u00e0 relazionali, predisposizione al lavoro di gruppo<\/li>\n<li>disponibilit\u00e0 a lavorare su turni e flessibilit\u00e0 nell&#8217;orario di lavoro<\/li>\n<li>disponibilit\u00e0 all&#8217;aggiornamento professionale e a corsi di formazione<\/li>\n<li>motivazione e educazione<\/li>\n<li>passione per il lavoro e determinazione nell&#8217;offrire il miglior servizio disponibile<\/li>\n<\/ol>\n<p>Se hai le caratteristiche richieste contattaci e valuteremo la tua candidatura<\/p>\n<p><div class=\"wpforms-container wpforms-container-full\" id=\"wpforms-400\"><form id=\"wpforms-form-400\" class=\"wpforms-validate wpforms-form wpforms-ajax-form\" data-formid=\"400\" method=\"post\" enctype=\"multipart\/form-data\" action=\"\/index.php\/wp-json\/wp\/v2\/pages\/401\" data-token=\"c6623aac111d2c8a8ac1c901bb62d3d6\"><noscript class=\"wpforms-error-noscript\">Please enable JavaScript in your browser to complete this form.<\/noscript><div class=\"wpforms-field-container\"><div id=\"wpforms-400-field_6-container\" class=\"wpforms-field wpforms-field-select wpforms-field-select-style-classic\" data-field-id=\"6\"><label class=\"wpforms-field-label\" for=\"wpforms-400-field_6\">Titolo <span class=\"wpforms-required-label\">*<\/span><\/label><select id=\"wpforms-400-field_6\" class=\"wpforms-field-medium wpforms-field-required\" name=\"wpforms[fields][6]\" required=\"required\"><option value=\"Sig\" >Sig<\/option><option value=\"Sig.ra\" >Sig.ra<\/option><\/select><\/div><div id=\"wpforms-400-field_0-container\" class=\"wpforms-field wpforms-field-name\" data-field-id=\"0\"><label class=\"wpforms-field-label\" for=\"wpforms-400-field_0\">Nome <span class=\"wpforms-required-label\">*<\/span><\/label><input type=\"text\" id=\"wpforms-400-field_0\" class=\"wpforms-field-medium wpforms-field-required\" name=\"wpforms[fields][0]\" required><\/div><div id=\"wpforms-400-field_7-container\" class=\"wpforms-field wpforms-field-text\" data-field-id=\"7\"><label class=\"wpforms-field-label\" for=\"wpforms-400-field_7\">Cognome <span class=\"wpforms-required-label\">*<\/span><\/label><input type=\"text\" id=\"wpforms-400-field_7\" class=\"wpforms-field-medium wpforms-field-required\" name=\"wpforms[fields][7]\" required><\/div><div id=\"wpforms-400-field_8-container\" class=\"wpforms-field wpforms-field-number\" data-field-id=\"8\"><label class=\"wpforms-field-label\" for=\"wpforms-400-field_8\">Numero di Telefono <span class=\"wpforms-required-label\">*<\/span><\/label><input type=\"number\" pattern=\"\\d*\" id=\"wpforms-400-field_8\" class=\"wpforms-field-medium wpforms-field-required\" name=\"wpforms[fields][8]\" required><\/div><div id=\"wpforms-400-field_2-container\" class=\"wpforms-field wpforms-field-textarea\" data-field-id=\"2\"><label class=\"wpforms-field-label\" for=\"wpforms-400-field_2\">Qualifica <span class=\"wpforms-required-label\">*<\/span><\/label><textarea id=\"wpforms-400-field_2\" class=\"wpforms-field-medium wpforms-field-required\" name=\"wpforms[fields][2]\" required><\/textarea><\/div><div id=\"wpforms-400-field_4-container\" class=\"wpforms-field wpforms-field-textarea\" data-field-id=\"4\"><label class=\"wpforms-field-label\" for=\"wpforms-400-field_4\">Note<\/label><textarea id=\"wpforms-400-field_4\" class=\"wpforms-field-medium\" name=\"wpforms[fields][4]\" ><\/textarea><\/div><\/div><div class=\"wpforms-recaptcha-container wpforms-is-recaptcha\" ><div class=\"g-recaptcha\" data-sitekey=\"6LfsgvkcAAAAABFkWJb0Jm1mrrkVL_hAmYvriiUr\"><\/div><input type=\"text\" name=\"g-recaptcha-hidden\" class=\"wpforms-recaptcha-hidden\" style=\"position:absolute!important;clip:rect(0,0,0,0)!important;height:1px!important;width:1px!important;border:0!important;overflow:hidden!important;padding:0!important;margin:0!important;\" required><\/div><div class=\"wpforms-submit-container\" ><input type=\"hidden\" name=\"wpforms[id]\" value=\"400\"><input type=\"hidden\" name=\"wpforms[author]\" value=\"1\"><button type=\"submit\" name=\"wpforms[submit]\" class=\"wpforms-submit \" id=\"wpforms-submit-400\" value=\"wpforms-submit\" aria-live=\"assertive\" data-alt-text=\"Sending...\" data-submit-text=\"Submit\">Submit<\/button><img src=\"https:\/\/www.osteopatiakairos.it\/wp-content\/plugins\/wpforms-lite\/assets\/images\/submit-spin.svg\" class=\"wpforms-submit-spinner\" style=\"display: none;\" width=\"26\" height=\"26\" alt=\"\"><\/div><\/form><\/div>  <!-- .wpforms-container -->Sig\" >Sig<\/option><option value=\"Sig.ra\" >Sig.ra<\/option><\/select><\/div><div id=\"wpforms-400-field_0-container\" class=\"wpforms-field wpforms-field-name\" data-field-id=\"0\"><label class=\"wpforms-field-label\" for=\"wpforms-400-field_0\">Nome <span class=\"wpforms-required-label\">*<\/span><\/label><input type=\"text\" id=\"wpforms-400-field_0\" class=\"wpforms-field-medium wpforms-field-required\" name=\"wpforms[fields][0]\" required><\/div><div id=\"wpforms-400-field_7-container\" class=\"wpforms-field wpforms-field-text\" data-field-id=\"7\"><label class=\"wpforms-field-label\" for=\"wpforms-400-field_7\">Cognome <span class=\"wpforms-required-label\">*<\/span><\/label><input type=\"text\" id=\"wpforms-400-field_7\" class=\"wpforms-field-medium wpforms-field-required\" name=\"wpforms[fields][7]\" required><\/div><div id=\"wpforms-400-field_8-container\" class=\"wpforms-field wpforms-field-number\" data-field-id=\"8\"><label class=\"wpforms-field-label\" for=\"wpforms-400-field_8\">Numero di Telefono <span class=\"wpforms-required-label\">*<\/span><\/label><input type=\"number\" pattern=\"\\d*\" id=\"wpforms-400-field_8\" class=\"wpforms-field-medium wpforms-field-required\" name=\"wpforms[fields][8]\" required><\/div><div id=\"wpforms-400-field_2-container\" class=\"wpforms-field wpforms-field-textarea\" data-field-id=\"2\"><label class=\"wpforms-field-label\" for=\"wpforms-400-field_2\">Qualifica <span class=\"wpforms-required-label\">*<\/span><\/label><textarea id=\"wpforms-400-field_2\" class=\"wpforms-field-medium wpforms-field-required\" name=\"wpforms[fields][2]\" required><\/textarea><\/div><div id=\"wpforms-400-field_4-container\" class=\"wpforms-field wpforms-field-textarea\" data-field-id=\"4\"><label class=\"wpforms-field-label\" for=\"wpforms-400-field_4\">Note<\/label><textarea id=\"wpforms-400-field_4\" class=\"wpforms-field-medium\" name=\"wpforms[fields][4]\" ><\/textarea><\/div><\/div><div class=\"wpforms-recaptcha-container wpforms-is-recaptcha\" ><div class=\"g-recaptcha\" data-sitekey=\"6LfsgvkcAAAAABFkWJb0Jm1mrrkVL_hAmYvriiUr\"><\/div><input type=\"text\" name=\"g-recaptcha-hidden\" class=\"wpforms-recaptcha-hidden\" style=\"position:absolute!important;clip:rect(0,0,0,0)!important;height:1px!important;width:1px!important;border:0!important;overflow:hidden!important;padding:0!important;margin:0!important;\" required><\/div><div class=\"wpforms-submit-container\" ><input type=\"hidden\" name=\"wpforms[id]\" value=\"400\"><input type=\"hidden\" name=\"wpforms[author]\" value=\"1\"><button type=\"submit\" name=\"wpforms[submit]\" class=\"wpforms-submit \" id=\"wpforms-submit-400\" value=\"wpforms-submit\" aria-live=\"assertive\" data-alt-text=\"Sending...\" data-submit-text=\"Submit\">Submit<\/button><img src=\"https:\/\/www.osteopatiakairos.it\/wp-content\/plugins\/wpforms-lite\/assets\/images\/submit-spin.svg\" class=\"wpforms-submit-spinner\" style=\"display: none;\" width=\"26\" height=\"26\" alt=\"\"><\/div><\/form><\/div>  <!-- .wpforms-container --><\/p>","protected":false},"excerpt":{"rendered":"<p>Siamo alla ricerca di personale specializzato per ampliare il nostro team di lavoro Requisiti Richiesti: un minimo di esperienza capacit\u00e0 relazionali, predisposizione al lavoro di gruppo disponibilit\u00e0 a lavorare su turni e flessibilit\u00e0 nell&#8217;orario di lavoro disponibilit\u00e0 all&#8217;aggiornamento professionale e a corsi di formazione motivazione e educazione passione per il lavoro e determinazione nell&#8217;offrire il&#8230; <\/p>\n","protected":false},"author":1,"featured_media":0,"parent":0,"menu_order":0,"comment_status":"closed","ping_status":"closed","template":"full-width.php","meta":[],"_links":{"self":[{"href":"https:\/\/www.osteopatiakairos.it\/index.php\/wp-json\/wp\/v2\/pages\/401"}],"collection":[{"href":"https:\/\/www.osteopatiakairos.it\/index.php\/wp-json\/wp\/v2\/pages"}],"about":[{"href":"https:\/\/www.osteopatiakairos.it\/index.php\/wp-json\/wp\/v2\/types\/page"}],"author":[{"embeddable":true,"href":"https:\/\/www.osteopatiakairos.it\/index.php\/wp-json\/wp\/v2\/users\/1"}],"replies":[{"embeddable":true,"href":"https:\/\/www.osteopatiakairos.it\/index.php\/wp-json\/wp\/v2\/comments?post=401"}],"version-history":[{"count":4,"href":"https:\/\/www.osteopatiakairos.it\/index.php\/wp-json\/wp\/v2\/pages\/401\/revisions"}],"predecessor-version":[{"id":437,"href":"https:\/\/www.osteopatiakairos.it\/index.php\/wp-json\/wp\/v2\/pages\/401\/revisions\/437"}],"wp:attachment":[{"href":"https:\/\/www.osteopatiakairos.it\/index.php\/wp-json\/wp\/v2\/media?parent=401"}],"curies":[{"name":"wp","href":"https:\/\/api.w.org\/{rel}","templated":true}]}}