{"id":137,"date":"2021-10-25T15:40:27","date_gmt":"2021-10-25T13:40:27","guid":{"rendered":"http:\/\/kairos.fabiolagana.it\/?page_id=137"},"modified":"2021-11-21T23:37:35","modified_gmt":"2021-11-21T22:37:35","slug":"instrumental-therapy","status":"publish","type":"page","link":"https:\/\/www.osteopatiakairos.it\/index.php\/instrumental-therapy\/","title":{"rendered":"Terapia Strumentale"},"content":{"rendered":"<p><\/p>\n<h2>Tecarterapia<\/h2>\n<p class=\"font12\">La <strong>Tecarterapia<\/strong> (Trasferimento energetico capacitivo e resistivo) \u00e8 indicata per trattare sia problematiche acute che croniche mostrandosi particolarmente efficace nella cura di patologie articolari e muscolari, traumi, tendinopatie, dolori e infiammazioni di varia natura.<\/p>\n<p class=\"font12\"><strong>Come funziona la Tecarterapia<\/strong><br \/>\nLa tecarterapia pu\u00f2 essere definita una termoterapia endogena, cio\u00e8 una terapia che utilizza il calore endogeno per curare numerose patologie muscolo-scheletriche.<\/p>\n<p class=\"font12\">La tecarterapia si avvale di un macchinario capace di generare un campo magnetico ad elevata frequenza collegato ad una piastra metallica e ad un manipolo che viene passato da un esperto sulla zona da trattare.<\/p>\n<p class=\"font12\">Nella zona compresa tra la piastra e il cono d\u2019azione del manipolo, si genera, proprio per effetto del campo magnetico, un flusso energetico, il quale, attraversando i tessuti, li riscalda dall\u2019interno.<br \/>\nQuesto aumento di temperatura, definito \u201cendogeno\u201d proprio perch\u00e8 si sviluppa dall\u2019interno e vi resta concentrato, innescando una cascata di reazioni benefiche nell\u2019organismo, che contribuiscono a rendere pi\u00f9 veloce il processo di recupero; il calore infatti favorisce la vasodilatazione a livello dei vasi sanguigni e linfatici nella zona trattata, determinando cos\u00ec:<\/p>\n<ul class=\"font12\">\n<li>stimolo allo smaltimento dei cataboliti.<\/li>\n<li>rilassamento dei tessuti (soprattutto quello connettivo e muscolare) e il drenaggio del gonfiore (edemi ed ematomi).<\/li>\n<\/ul>\n<p class=\"font12\">Trova quindi indicazione nel trattamento di numerose patologie muscolo-scheletriche: mal di schiena, dolore cervicale, traumi muscolari, tendinopatie, artrosi.<\/p>\n<p class=\"font12\"><strong>BENEFICI Tecar terapia<\/strong><\/p>\n<p class=\"font12\">Il vantaggio del calore endogeno \u00e8 quello di raggiungere i tessuti pi\u00f9 profondi con un calore omogeneo.<br \/>\nGli effetti della tecarterapia sono:<\/p>\n<ul class=\"font12\">\n<li>biostimolante<\/li>\n<li>decontratturante<\/li>\n<li>antinfiammatorio<\/li>\n<li>antalgico<\/li>\n<li>drenante<\/li>\n<\/ul>\n<p><strong class=\"font12\">Indicazioni<\/strong><\/p>\n<p class=\"font12\">Pu\u00f2 essere utilizzata in caso di:<\/p>\n<ul class=\"font12\">\n<li>Lesioni muscolari (contusioni, elongazioni, stiramenti e strappi)<\/li>\n<li>Lesioni ai tendini (rotture, tendiniti, tendinosi)<\/li>\n<li>Lesioni ai legamenti<\/li>\n<li>Problematiche articolari (condropatie, artrosi, artriti)<\/li>\n<li>Traumi (Distorsioni, contusioni, fratture)<\/li>\n<li>Edemi ed ematomi<\/li>\n<li>Borsiti ed infiammazioni dei tessuti molli<\/li>\n<li>Patologie del rachide (Cervicalgie, Lombalgie e lombo-sciatalgie)<\/li>\n<li>Lesioni del menisco<\/li>\n<li>Pubalgia<\/li>\n<li>Fascite plantare<\/li>\n<li>Sindrome femoro-rotulea<\/li>\n<li>Sindrome da conflitto della spalla<\/li>\n<li>Riabilitazione post-operatoria<\/li>\n<\/ul>\n<p><strong class=\"font12\">CONTROINDICAZIONI DELLA TECARTERAPIA<\/strong><\/p>\n<p class=\"font12\">La Tecarterapia \u00e8 un trattamento sicuro, non invasivo e adatto a tutti visto che non presenta particolari controindicazioni. Sconsigliato solo alle:<\/p>\n<ul class=\"font12\">\n<li>donne in gravidanza<\/li>\n<li>portatori di pacemaker<\/li>\n<li>soggetti con patologie tumorali.<\/li>\n<\/ul>\n<hr \/>\n<p>&nbsp;<\/p>\n<h2>ONDE D\u2019URTO<\/h2>\n<p class=\"font12\">Le\u00a0onde d\u2019urto\u00a0sono onde acustiche, impercettibili, ad alta intensit\u00e0. Sono irradiate da un\u2019apposita sonda e si propagano tramite la superficie della pelle.<br \/>\nL\u2019aumento dell\u2019attivit\u00e0 metabolica nei pressi della zona-bersaglio porta il corpo a stimolare e ad accelerare il processo di guarigione.<br \/>\nLa terapia con onde d\u2019urto \u00e8\u00a0semplice, non invasiva per il paziente e vanta una notevole efficacia\u00a0se adoperata adeguatamente.<\/p>\n<p><strong class=\"font12\">A cosa servono le onde d\u2019urto<\/strong><\/p>\n<p class=\"font12\">Le onde d\u2019urto possono essere utilizzate sia per patologie in fase acuta, risalenti a pochi giorni o settimane, sia per patologie che si trascinano da tempo.<\/p>\n<p><strong class=\"font12\">Come funzionano le onde d\u2019urto<\/strong><\/p>\n<p class=\"font12\">Le onde d\u2019urto stimolano i processi biologici di guarigione, accelerando il metabolismo e aumentando l\u2019irrorazione del flusso sanguigno. Ci\u00f2 si verifica attraverso un duplice effetto:<\/p>\n<ol class=\"font12\">\n<li>effetto diretto sulla zona di applicazione<\/li>\n<li>effetto indiretto, ovvero il fenomeno della cavitazione con formazione di microbolle: l\u2019utilizzo delle onde d\u2019urto provoca la formazione di microbolle e gas; le microbolle gassose sono colpite dalle onde successive, esplodendo e \u201crigenerando\u201d i tessuti.<\/li>\n<\/ol>\n<p class=\"font12\">L\u2019azione di questi due effetti comporta un\u00a0aumento del flusso sanguigno\u00a0(vascolarizzazione) nella zona bersaglio e provoca un\u2019accelerazione del metabolismo e la rimozione dei fattori infiammatori.<\/p>\n<p><strong class=\"font12\">Indicazioni<\/strong><\/p>\n<p class=\"font12\">Il trattamento Onde d\u2019urto \u00e8 particolarmente indicato per:<\/p>\n<ul class=\"font12\">\n<li>Sindrome dolorosa del grande trocantere<\/li>\n<li>Tendinopatie croniche<\/li>\n<li>Sindrome di Osgood-Schlatters<\/li>\n<li>Periostite tibiale<\/li>\n<li>Sperone calcaneare<\/li>\n<li>Fascite plantare<\/li>\n<li>Dolore miofasciale (punti trigger), rigidit\u00e0 fasciale e tendinea (x es. post traumatica o dupuytren)<\/li>\n<li>Dito a scatto<\/li>\n<li>Calcificazioni<\/li>\n<li>Esiti fibrotici\/ calcifici in lesioni muscolari<\/li>\n<li>Contratture muscolari<\/li>\n<li>Ritardi di consolidazione e pseudoartrosi<\/li>\n<li>Piaghe cutanee acute e croniche<\/li>\n<li>Cicatrici<\/li>\n<li>Ideali per il trattamento del dolore, per favorire la rigenerazione dei tessuti e l\u2019assorbimento delle calcificazioni.<\/li>\n<\/ul>\n<p><strong class=\"font12\">Controindicazioni all\u2019utilizzo delle Onde d\u2019urto<\/strong><\/p>\n<p class=\"font12\">Le onde d\u2019urto non sono adatte a bambini e ragazzi, in quanto i loro tessuti e le loro ossa sono ancora in fase di sviluppo. La terapia \u00e8 sconsigliata anche laddove:<\/p>\n<ul class=\"font12\">\n<li>la zona-bersaglio \u00e8 vicina a componenti delicate (encefalo, midollo spinale, gonadi, polmoni e intestino)<\/li>\n<li>siano presenti tumori o infezioni dei tessuti e delle ossa<\/li>\n<li>il potenziale paziente sia portatore di pacemaker<\/li>\n<li>il potenziale paziente sia affetto da malattie relative alla coagulazione del sangue<\/li>\n<li>il potenziale paziente sia una donna in gravidanza<\/li>\n<\/ul>\n<hr \/>\n<p>&nbsp;<\/p>\n<h2>Magneto terapia<\/h2>\n<p class=\"font12\">La magnetoterapia utilizza gli impulsi elettromagnetici al fine di aiutare nella cura di diverse sintomatologie legate a stati infiammatori o a patologie ossee. I campi magnetici pulsati interagiscono con le strutture cellulari, favorendo il recupero delle condizioni fisiologiche, stimolano la circolazione sanguigna, migliorando cos\u00ec l&#8217;ossigenazione dei tessuti.<\/p>\n<p><strong class=\"font12\">Come funziona la magnetoterapia<\/strong><\/p>\n<p class=\"font12\">Questa terapia si serve di un apparecchio costituito da un solenoide, all\u2019interno del quale si genera un campo elettromagnetico di frequenza variabile: da pochi hertz a qualche migliaio.<br \/>\nLe frequenze utilizzate dipendono dal disturbo da curare.<br \/>\nLe nostre cellule sono in grado di generare un campo elettromagnetico in risposta ad uno stimolo meccanico: questa capacit\u00e0 si chiama piezoelettricit\u00e0 e la magnetoterapia \u00e8 in grado di riprodurla, velocizzando cos\u00ec la guarigione.<br \/>\nLe onde utilizzate nella magnetoterapia sono del tipo non-ionizzanti e non invasive, non presentano cio\u00e8 rischio biologico per il paziente e per il professionista che applica la terapia dato che non vengono assorbite dagli organi o dai tessuti.<\/p>\n<p><strong class=\"font12\">A cosa si applica la magnetoterapia<\/strong><\/p>\n<p class=\"font12\">\u00c8 assolutamente consigliabile il suo utilizzo in caso di:<\/p>\n<ul class=\"font12\">\n<li>Artrite, artropatie, artrosi, artrosi cervicale, artrosi del ginocchio e artrosi della spalla<\/li>\n<li>Atrofie muscolari<\/li>\n<li>Borsite<\/li>\n<li>Cervicalgia<\/li>\n<li>Colpi di frusta<\/li>\n<li>Contratture<\/li>\n<li>Contusioni<\/li>\n<li>Coxartrosi<\/li>\n<li>Cuffie dei rotatori<\/li>\n<li>Distorsioni<\/li>\n<li>Dolore alla schiena e dolori articolari<\/li>\n<li>Epicondilite<\/li>\n<li>Epitrocleite<\/li>\n<li>Frattura del polso, dello scafoide, dell&#8217;avambraccio, del bacino, della clavicola e del collo del femore<\/li>\n<li>Lombalgia<\/li>\n<li>Lussazioni<\/li>\n<li>Miosite<\/li>\n<li>Osteoporosi<\/li>\n<li>Periartrite<\/li>\n<li>Ritardi di consolidazione<\/li>\n<li>Sciatalgia<\/li>\n<li>Strappi<\/li>\n<li>Sublussazioni di arti inferiori e superiori<\/li>\n<li>Tendiniti<\/li>\n<li>Torcicollo<\/li>\n<\/ul>\n<p><strong class=\"font12\">Controindicazioni della magnetoterapia<\/strong><\/p>\n<p class=\"font12\">Sebbene la magnetoterapia sia un tipo di trattamento decisamente non invasivo, in alcuni casi particolari ne \u00e8 sconsigliata l&#8217;applicazione.<\/p>\n<ul class=\"font12\">\n<li>Gravidanza<\/li>\n<li>Portatori pace maker o altre tipologie di dispositivi impiantati<\/li>\n<li>Protesi di metallo<\/li>\n<li>Patologie cardiache<\/li>\n<li>Patologie oncologiche<\/li>\n<li>Ipertiroidismo<\/li>\n<\/ul>\n<p class=\"font12\">In generale, comunque, si pu\u00f2 dire che la magnetoterapia \u00e8 un trattamento sicuro e che le controindicazioni sono veramente poche.<\/p>\n<hr \/>\n<p>&nbsp;<\/p>\n<h2>LASER AD ALTA POTENZA (HILTHERAPIA\u00ae)<\/h2>\n<p class=\"font12\">HILTHERAPIA\u00ae (High Intensity Laser Therapy) \u00e8 una terapia innovativa che sfrutta impulsi laser ad alta intensit\u00e0, ad emissione pulsata. Questa tipologia di stimoli \u00e8 in grado di innescare una serie di risposte biologiche capaci di ridurre gli stati infiammatori, di promuovere i processi di riparazione e di rigenerazione dei tessuti, oltre che favorire il drenaggio linfatico e la microcircolazione.<\/p>\n<p class=\"font12\">A differenza della laser-terapia convenzionale, che opera attraverso onde di bassa o media potenza, la HILTHERAPIA\u00ae \u00e8 in grado di agire, non solo sulle patologie superficiali, ma anche su quelle pi\u00f9 profonde. Questa tecnica rivoluzionaria, inoltre, pu\u00f2 essere applicata in totale sicurezza, senza danneggiare i tessuti circostanti a quello sottoposto al trattamento.<br \/>\nLa HILTHERAPIA\u00ae si dimostra, dunque, estremamente adatta per la cura di numerose patologie, quali: tendiniti, contusioni e lesioni muscolari, contratture, artrosi e nel trattamento del dolore.<\/p>\n<p class=\"font12\">Hilterapia \u00ae utilizza fasci luminosi che vengono erogati a impulsi e non in modo continuo; ci\u00f2 permette di non superare la soglia termica oltre la quale si avrebbe un danneggiamento cutaneo e tissutale.<\/p>\n<p class=\"font12\">Le principali caratteristiche della tecnologia HILTHERAPIA sono:<\/p>\n<ul class=\"font12\">\n<li>l\u2019emissione di elevate potenze di picco (100 \u00f7 3000 W) tramite impulsi brevi<\/li>\n<li>la lunghezza d\u2019onda del fascio luminoso (1064 nm) ideale per diffondersi nei tessuti<\/li>\n<li>una frequenza piuttosto bassa \u00a0(10 \u00f7 30 Hz) che consente una dissipazione del calore sviluppato dal fascio laser evitando quindi pericolosi accumuli termici.<\/li>\n<\/ul>\n<p class=\"font12\">Questa metodica \u00e8 caratterizzata da un\u2019invasivit\u00e0 nulla oltre al fatto che \u00e8 totalmente indolore.<\/p>\n<p><strong class=\"font12\">Gli effetti della Laserterapia<\/strong><\/p>\n<p class=\"font12\">Il Laser ha vari effetti sui tessuti:<\/p>\n<ul class=\"font12\">\n<li>antalgico, diminuisce la percezione del dolore andando ad agire sulle terminazioni nervose<\/li>\n<li>biostimolante, aumenta il metabolismo cellulare accelerando il processo di riparazione e cicatrizzazione dei tessuti<\/li>\n<li>antinfiammatorio, favorito dall\u2019aumento del microcircolo in conseguenza all\u2019innalzamento del calore intracellulare<\/li>\n<\/ul>\n<p class=\"font12\">Conferme sull\u2019utilit\u00e0, di questa terapia laser, nel controllo del dolore in situazioni acute, vengono dalla\u00a0Nazionale di Rugby, dalla\u00a0Federazione Italiana Scherma\u00a0e dal mondo del Calcio. Da molti anni il laser Hilt \u00e8 presente anche nella\u00a0Clinica Mobile del MotoGP.<\/p>\n<p><strong class=\"font12\">INDICAZIONI HILTHERAPIA\u00ae<\/strong><\/p>\n<p class=\"font12\">Efficacia e assenza di effetti indesiderati rendono la Hilterapia utile nel trattamento di molte affezioni dolorose:<\/p>\n<ul class=\"font12\">\n<li>artrosi e processi degenerativi della cartilagine<\/li>\n<li>borsiti, sinoviti, capsuliti, epicondiliti, sindrome da impingement<\/li>\n<li>tendiniti e tenosinoviti<\/li>\n<li>edemi ed ematomi da trauma<\/li>\n<li>patologie post-traumatiche o da sovraccarico<\/li>\n<li>sindromi adduttorie, distorsioni tibio-tarsiche, entesiti, condropatie rotule e in traumatologia sportiva<\/li>\n<\/ul>\n<p><strong class=\"font12\">Patologie acute<\/strong><\/p>\n<ul class=\"font12\">\n<li>Tendinopatie (tendiniti, peritendiniti, tenosinoviti, tendiniti inserzionali e calcifiche, tendinosi, lesioni parziali)<\/li>\n<li>Lesioni muscolari<\/li>\n<li>Traumi distorsivi ed edemi post-traumatici<\/li>\n<li>Sinoviti e borsit<\/li>\n<li>Rachialgie e lombalgie<\/li>\n<li>Osteocondrite disseccante e lesioni osteocondrali<\/li>\n<li>Sindrome fibromialgica<\/li>\n<\/ul>\n<p><strong class=\"font12\">Patologie degenerative<\/strong><\/p>\n<ul class=\"font12\">\n<li>Osteoartrosi<\/li>\n<li>Condropatie<\/li>\n<\/ul>\n<p><strong class=\"font12\">Controindicazioni<\/strong><\/p>\n<p class=\"font12\">L\u2019Hilterapia \u00ae viene sconsigliata nei bambini al di sotto dei 14 anni, nelle donne in gravidanza, nei soggetti che soffrono di fenomeni epilettici e nei portatori di pacemaker; i pazienti che fanno uso di farmaci fotosensibili dovrebbero informare il terapista perch\u00e9 le terapie laser tendono ad accentuare i fenomeni di fotosensibilit\u00e0; i portatori di protesi in metallo e\/o plastica possono sottoporsi alla terapia HILTHERAPY \u00ae se il mezzo di sintesi \u00e8 posizionato oltre i 3-4 cm di profondit\u00e0, in caso contrario \u00e8 opportuno non orientare il fascio laser in modo diretto.<\/p>\n<p><\/p>","protected":false},"excerpt":{"rendered":"<p>Tecarterapia La Tecarterapia (Trasferimento energetico capacitivo e resistivo) \u00e8 indicata per trattare sia problematiche acute che croniche mostrandosi particolarmente efficace nella cura di patologie articolari e muscolari, traumi, tendinopatie, dolori e infiammazioni di varia natura. Come funziona la Tecarterapia La tecarterapia pu\u00f2 essere definita una termoterapia endogena, cio\u00e8 una terapia che utilizza il calore endogeno&#8230; <\/p>\n","protected":false},"author":1,"featured_media":0,"parent":0,"menu_order":0,"comment_status":"closed","ping_status":"closed","template":"full-width.php","meta":[],"_links":{"self":[{"href":"https:\/\/www.osteopatiakairos.it\/index.php\/wp-json\/wp\/v2\/pages\/137"}],"collection":[{"href":"https:\/\/www.osteopatiakairos.it\/index.php\/wp-json\/wp\/v2\/pages"}],"about":[{"href":"https:\/\/www.osteopatiakairos.it\/index.php\/wp-json\/wp\/v2\/types\/page"}],"author":[{"embeddable":true,"href":"https:\/\/www.osteopatiakairos.it\/index.php\/wp-json\/wp\/v2\/users\/1"}],"replies":[{"embeddable":true,"href":"https:\/\/www.osteopatiakairos.it\/index.php\/wp-json\/wp\/v2\/comments?post=137"}],"version-history":[{"count":12,"href":"https:\/\/www.osteopatiakairos.it\/index.php\/wp-json\/wp\/v2\/pages\/137\/revisions"}],"predecessor-version":[{"id":413,"href":"https:\/\/www.osteopatiakairos.it\/index.php\/wp-json\/wp\/v2\/pages\/137\/revisions\/413"}],"wp:attachment":[{"href":"https:\/\/www.osteopatiakairos.it\/index.php\/wp-json\/wp\/v2\/media?parent=137"}],"curies":[{"name":"wp","href":"https:\/\/api.w.org\/{rel}","templated":true}]}}